{"id":2261,"date":"2019-01-16T13:59:47","date_gmt":"2019-01-16T13:59:47","guid":{"rendered":"https:\/\/www.ikk.org.tr\/?page_id=2261"},"modified":"2024-05-09T02:08:48","modified_gmt":"2024-05-08T23:08:48","slug":"about-us","status":"publish","type":"page","link":"https:\/\/ikk.org.tr\/tr\/about-us\/","title":{"rendered":"Kurumsal"},"content":{"rendered":"\n<main class=\"wp-block-group is-layout-flow wp-container-core-group-is-layout-bb1e360e wp-block-group-is-layout-flow\" style=\"margin-top:0;margin-bottom:0;padding-top:0;padding-right:0;padding-bottom:0;padding-left:0\">\n<div class=\"wp-block-group alignfull is-layout-constrained wp-container-core-group-is-layout-4f8f4d83 wp-block-group-is-layout-constrained\" style=\"margin-top:0px;margin-bottom:0px;padding-top:64px;padding-bottom:8px\">\n<h2 class=\"wp-block-heading\">Kurumsal<\/h2>\n<\/div>\n\n\n\n<div class=\"wp-block-group is-layout-flow wp-block-group-is-layout-flow\" style=\"margin-top:0px;margin-bottom:0px;padding-top:20px;padding-bottom:20px\">\n<p class=\"ticss-0c612e5b\">\u0130stanbul Kaykay Kul\u00fcb\u00fc, 2019 y\u0131l\u0131nda \u0130stanbul\u2019da Kaykay bran\u015f\u0131 ile tescillenen ilk spor kul\u00fcb\u00fcd\u00fcr. Bu sporun do\u011fas\u0131n\u0131n ve g\u00fczelliklerinin fark\u0131nda olan de\u011ferli bir \u00e7ok \u00fcyemiz, kaykay bran\u015f\u0131nda \u00fclkemizin sporcular\u0131n\u0131, profesyonel \u015fekilde destekleyerek Olimpiyat yolunda rakipleri ile rekabet \u015fans\u0131 yaratabilmek amac\u0131yla bir araya gelmi\u015ftir.<\/p>\n<\/div>\n\n\n\n<div class=\"wp-block-group is-layout-constrained wp-block-group-is-layout-constrained\">\n<h2 class=\"wp-block-heading\">Y\u00d6NET\u0130M KURULU<\/h2>\n\n\n\n<div id=\"wp-block-themeisle-blocks-accordion-397e0653\" class=\"wp-block-themeisle-blocks-accordion exclusive\">\n<details class=\"wp-block-themeisle-blocks-accordion-item\"><summary class=\"wp-block-themeisle-blocks-accordion-item__title\"><div>Osman \u015eamil PETEK<\/div><\/summary><div class=\"wp-block-themeisle-blocks-accordion-item__content\">\n<div class=\"wp-block-group is-nowrap is-layout-flex wp-container-core-group-is-layout-6c531013 wp-block-group-is-layout-flex\">\n<figure class=\"wp-block-image size-large is-resized has-custom-border\"><img loading=\"lazy\" decoding=\"async\" width=\"1024\" height=\"871\" src=\"https:\/\/ikkwp-wordpress.malipetek.dev\/wp-content\/uploads\/2019\/09\/otman-1024x871.jpg\" alt=\"\" class=\"wp-image-2143\" style=\"border-radius:36px;width:264px;height:auto\" srcset=\"https:\/\/ikk.org.tr\/wp-content\/uploads\/2019\/09\/otman-1024x871.jpg 1024w, https:\/\/ikk.org.tr\/wp-content\/uploads\/2019\/09\/otman-300x255.jpg 300w, https:\/\/ikk.org.tr\/wp-content\/uploads\/2019\/09\/otman-768x653.jpg 768w, https:\/\/ikk.org.tr\/wp-content\/uploads\/2019\/09\/otman-1536x1307.jpg 1536w, https:\/\/ikk.org.tr\/wp-content\/uploads\/2019\/09\/otman-2048x1742.jpg 2048w\" sizes=\"auto, (max-width: 1024px) 100vw, 1024px\" \/><\/figure>\n\n\n\n<p>Y\u00f6netim Kurulu Ba\u015fkan\u0131<\/p>\n<\/div>\n<\/div><\/details>\n\n\n\n<details class=\"wp-block-themeisle-blocks-accordion-item\"><summary class=\"wp-block-themeisle-blocks-accordion-item__title\"><div>Mehmet Faruk DO\u011eAN<\/div><\/summary><div class=\"wp-block-themeisle-blocks-accordion-item__content\">\n<div class=\"wp-block-group is-nowrap is-layout-flex wp-container-core-group-is-layout-6c531013 wp-block-group-is-layout-flex\">\n<figure class=\"wp-block-image size-large is-resized has-custom-border\"><img decoding=\"async\" src=\"https:\/\/ikk.org.tr\/wp-content\/uploads\/2019\/08\/farukvesika-1-e1565716044455.jpg\" alt=\"\" style=\"border-radius:36px;width:264px;height:auto\"\/><\/figure>\n\n\n\n<p>Y\u00f6netim Kurulu Ba\u015fkan\u0131<\/p>\n<\/div>\n<\/div><\/details>\n\n\n\n<details class=\"wp-block-themeisle-blocks-accordion-item\"><summary class=\"wp-block-themeisle-blocks-accordion-item__title\"><div>Furkan SARTIK<\/div><\/summary><div class=\"wp-block-themeisle-blocks-accordion-item__content\">\n<div class=\"wp-block-group is-nowrap is-layout-flex wp-container-core-group-is-layout-6c531013 wp-block-group-is-layout-flex\">\n<figure class=\"wp-block-image size-large is-resized has-custom-border\"><img decoding=\"async\" src=\"https:\/\/ikk.org.tr\/wp-content\/uploads\/2019\/08\/farukvesika-1-e1565716044455.jpg\" alt=\"\" style=\"border-radius:36px;width:264px;height:auto\"\/><\/figure>\n\n\n\n<p>Y\u00f6netim Kurulu Ba\u015fkan\u0131<\/p>\n<\/div>\n<\/div><\/details>\n\n\n\n<details class=\"wp-block-themeisle-blocks-accordion-item\"><summary class=\"wp-block-themeisle-blocks-accordion-item__title\"><div>Kadir K\u0130RAZ<\/div><\/summary><div class=\"wp-block-themeisle-blocks-accordion-item__content\">\n<div class=\"wp-block-group is-nowrap is-layout-flex wp-container-core-group-is-layout-6c531013 wp-block-group-is-layout-flex\">\n<figure class=\"wp-block-image size-large is-resized has-custom-border\"><img decoding=\"async\" src=\"https:\/\/ikk.org.tr\/wp-content\/uploads\/2019\/08\/farukvesika-1-e1565716044455.jpg\" alt=\"\" style=\"border-radius:36px;width:264px;height:auto\"\/><\/figure>\n\n\n\n<p>Y\u00f6netim Kurulu Ba\u015fkan\u0131<\/p>\n<\/div>\n<\/div><\/details>\n\n\n\n<details class=\"wp-block-themeisle-blocks-accordion-item\"><summary class=\"wp-block-themeisle-blocks-accordion-item__title\"><div>Mehmet Rauf BAYER<\/div><\/summary><div class=\"wp-block-themeisle-blocks-accordion-item__content\">\n<div class=\"wp-block-group is-nowrap is-layout-flex wp-container-core-group-is-layout-6c531013 wp-block-group-is-layout-flex\">\n<figure class=\"wp-block-image size-large is-resized has-custom-border\"><img decoding=\"async\" src=\"https:\/\/ikk.org.tr\/wp-content\/uploads\/2019\/08\/farukvesika-1-e1565716044455.jpg\" alt=\"\" style=\"border-radius:36px;width:264px;height:auto\"\/><\/figure>\n\n\n\n<p>Y\u00f6netim Kurulu Ba\u015fkan\u0131<\/p>\n<\/div>\n<\/div><\/details>\n<\/div>\n<\/div>\n\n\n\n<div class=\"wp-block-group is-layout-constrained wp-block-group-is-layout-constrained\" style=\"padding-top:var(--wp--preset--spacing--50);padding-bottom:var(--wp--preset--spacing--50)\">\n<h2 class=\"wp-block-heading\">KUL\u00dcP T\u00dcZ\u00dc\u011e\u00dc<\/h2>\n\n\n\n<div data-client-id=\"9ae785d814c74f49ae2791ee072da791\" id=\"pdf-2\" class=\"wp-block-tropicalista-pdfembed ticss-4566ff78\" style=\"height:500px\" data-api-key=\"9ae785d814c74f49ae2791ee072da791\" data-file-name=\"ISTANBUL-KAYKAY-SPOR-KULUBU-TUZUGU.pdf\" data-media-url=\"https:\/\/ikk.org.tr\/wp-content\/uploads\/2023\/09\/ISTANBUL-KAYKAY-SPOR-KULUBU-TUZUGU.pdf\" data-embed-mode=\"IN_LINE\" data-show-page-controls=\"true\" data-default-view-mode=\"FIT_WIDTH\"><\/div>\n<\/div>\n<\/main>\n","protected":false},"excerpt":{"rendered":"<p>Kurumsal \u0130stanbul Kaykay Kul\u00fcb\u00fc, 2019 y\u0131l\u0131nda \u0130stanbul\u2019da Kaykay bran\u015f\u0131 ile tescillenen ilk spor kul\u00fcb\u00fcd\u00fcr. Bu sporun do\u011fas\u0131n\u0131n ve g\u00fczelliklerinin fark\u0131nda olan de\u011ferli bir \u00e7ok \u00fcyemiz, kaykay bran\u015f\u0131nda \u00fclkemizin sporcular\u0131n\u0131, profesyonel \u015fekilde destekleyerek Olimpiyat yolunda rakipleri ile rekabet \u015fans\u0131 yaratabilmek amac\u0131yla bir araya gelmi\u015ftir. Y\u00d6NET\u0130M KURULU KUL\u00dcP T\u00dcZ\u00dc\u011e\u00dc<\/p>\n","protected":false},"author":1,"featured_media":0,"parent":0,"menu_order":0,"comment_status":"closed","ping_status":"closed","template":"","meta":{"_themeisle_gutenberg_block_has_review":false,"footnotes":""},"class_list":["post-2261","page","type-page","status-publish","hentry"],"_links":{"self":[{"href":"https:\/\/ikk.org.tr\/tr\/wp-json\/wp\/v2\/pages\/2261","targetHints":{"allow":["GET"]}}],"collection":[{"href":"https:\/\/ikk.org.tr\/tr\/wp-json\/wp\/v2\/pages"}],"about":[{"href":"https:\/\/ikk.org.tr\/tr\/wp-json\/wp\/v2\/types\/page"}],"author":[{"embeddable":true,"href":"https:\/\/ikk.org.tr\/tr\/wp-json\/wp\/v2\/users\/1"}],"replies":[{"embeddable":true,"href":"https:\/\/ikk.org.tr\/tr\/wp-json\/wp\/v2\/comments?post=2261"}],"version-history":[{"count":6,"href":"https:\/\/ikk.org.tr\/tr\/wp-json\/wp\/v2\/pages\/2261\/revisions"}],"predecessor-version":[{"id":2911,"href":"https:\/\/ikk.org.tr\/tr\/wp-json\/wp\/v2\/pages\/2261\/revisions\/2911"}],"wp:attachment":[{"href":"https:\/\/ikk.org.tr\/tr\/wp-json\/wp\/v2\/media?parent=2261"}],"curies":[{"name":"wp","href":"https:\/\/api.w.org\/{rel}","templated":true}]}}