{"id":2313,"date":"2021-11-30T13:47:26","date_gmt":"2021-11-30T13:47:26","guid":{"rendered":"https:\/\/www.ikk.org.tr\/?page_id=2313"},"modified":"2025-03-22T14:04:11","modified_gmt":"2025-03-22T11:04:11","slug":"iletisim","status":"publish","type":"page","link":"https:\/\/ikk.org.tr\/tr\/iletisim\/","title":{"rendered":"Contact"},"content":{"rendered":"\n<div class=\"wp-block-group is-layout-constrained wp-block-group-is-layout-constrained\">\n<h2 class=\"wp-block-heading\">\u0130leti\u015fim<\/h2>\n\n\n\n<div class=\"wp-block-group\" style=\"margin-top:0px;margin-bottom:0px;padding-top:18px;padding-bottom:18px\">\n<div id=\"wp-block-themeisle-blocks-form-aedbb80c\" class=\"wp-block-themeisle-blocks-form\"\n data-option-name=\"c2eb8bd854e208da2f71112e4c77e4f3b4dc3c84_aedbb80c\">\n <form class=\"otter-form__container\" action=\"https:\/\/formsubmit.co\/bilgi@ikk.org.tr\" method=\"POST\">\n <input type=\"hidden\" name=\"_next\" value=\"https:\/\/ikkwp-wordpress.malipetek.dev\/received\/\">\n <input type=\"hidden\" name=\"_subject\" value=\"\u0130leti\u015fim formu\">\n <input type=\"hidden\" name=\"_blacklist\" value=\"lead,result\">\n <input type=\"text\" name=\"_honey\" style=\"display:none\">\n <input type=\"hidden\" name=\"_autoresponse\" value=\"Your message has been received.\">\n <style>\n  .wp-block-themeisle-blocks-form .protection {\n    display: none; \n  }\n <\/style>\n <div id=\"wp-block-themeisle-blocks-form-input-0c5a5f20\" class=\"wp-block-themeisle-blocks-form-input\"><label\n for=\"wp-block-themeisle-blocks-form-input-0c5a5f20-input\" class=\"otter-form-input-label\"><span\n class=\"otter-form-input-label__label\">\u0130sim<\/span><span class=\"required\">*<\/span><\/label><input type=\"text\" name=\"name\"\n id=\"wp-block-themeisle-blocks-form-input-0c5a5f20-input\" required class=\"otter-form-input\" \/><\/div>\n <div id=\"wp-block-themeisle-blocks-form-input-511f72fb\" class=\"wp-block-themeisle-blocks-form-input\"><label\n for=\"wp-block-themeisle-blocks-form-input-511f72fb-input\" class=\"otter-form-input-label\"><span\n class=\"otter-form-input-label__label\">Email<\/span><span class=\"required\">*<\/span><\/label><input type=\"email\" name=\"email\"\n id=\"wp-block-themeisle-blocks-form-input-511f72fb-input\" required class=\"otter-form-input\" \/><\/div>\n <div id=\"wp-block-themeisle-blocks-form-textarea-2426377e\" class=\"wp-block-themeisle-blocks-form-textarea\"><label\n for=\"wp-block-themeisle-blocks-form-textarea-2426377e-input\" class=\"otter-form-textarea-label\"><span\n class=\"otter-form-textarea-label__label\">Mesaj\u0131n\u0131z<\/span><\/label><textarea\n id=\"wp-block-themeisle-blocks-form-textarea-2426377e-input\" rows=\"10\" name=\"message\"\n class=\"otter-form-textarea-input\"><\/textarea><\/div>\n <p class=\"has-extra-small-font-size\">Bu formu g\u00f6ndererek bize e-posta ile ileti\u015fim kurmay\u0131 kabul ediyorsunuz ve\n ileti\u015fim bilgilerinizin bizimle saklanaca\u011f\u0131n\u0131 anl\u0131yorsunuz.<\/p>\n <div class=\"wp-block-button\"><button class=\"wp-block-button__link\" type=\"submit\">Submit<\/button><\/div>\n <\/form>\n<\/div>\n<\/div>\n","protected":false},"excerpt":{"rendered":"<p>\u0130leti\u015fim \u0130sim* Email* Mesaj\u0131n\u0131z Bu formu g\u00f6ndererek bize e-posta ile ileti\u015fim kurmay\u0131 kabul ediyorsunuz ve ileti\u015fim bilgilerinizin bizimle saklanaca\u011f\u0131n\u0131 anl\u0131yorsunuz. Submit<\/p>\n","protected":false},"author":1,"featured_media":0,"parent":0,"menu_order":0,"comment_status":"closed","ping_status":"closed","template":"","meta":{"_themeisle_gutenberg_block_has_review":false,"footnotes":""},"class_list":["post-2313","page","type-page","status-publish","hentry"],"_links":{"self":[{"href":"https:\/\/ikk.org.tr\/tr\/wp-json\/wp\/v2\/pages\/2313","targetHints":{"allow":["GET"]}}],"collection":[{"href":"https:\/\/ikk.org.tr\/tr\/wp-json\/wp\/v2\/pages"}],"about":[{"href":"https:\/\/ikk.org.tr\/tr\/wp-json\/wp\/v2\/types\/page"}],"author":[{"embeddable":true,"href":"https:\/\/ikk.org.tr\/tr\/wp-json\/wp\/v2\/users\/1"}],"replies":[{"embeddable":true,"href":"https:\/\/ikk.org.tr\/tr\/wp-json\/wp\/v2\/comments?post=2313"}],"version-history":[{"count":15,"href":"https:\/\/ikk.org.tr\/tr\/wp-json\/wp\/v2\/pages\/2313\/revisions"}],"predecessor-version":[{"id":2943,"href":"https:\/\/ikk.org.tr\/tr\/wp-json\/wp\/v2\/pages\/2313\/revisions\/2943"}],"wp:attachment":[{"href":"https:\/\/ikk.org.tr\/tr\/wp-json\/wp\/v2\/media?parent=2313"}],"curies":[{"name":"wp","href":"https:\/\/api.w.org\/{rel}","templated":true}]}}