{"id":2690,"date":"2024-04-24T14:20:54","date_gmt":"2024-04-24T11:20:54","guid":{"rendered":"https:\/\/ikkwp-wordpress.malipetek.dev\/?page_id=2690"},"modified":"2024-04-28T22:07:07","modified_gmt":"2024-04-28T19:07:07","slug":"received","status":"publish","type":"page","link":"https:\/\/ikk.org.tr\/tr\/received\/","title":{"rendered":"Received"},"content":{"rendered":"\n<figure class=\"wp-block-image aligncenter size-full is-resized is-style-rounded\"><img loading=\"lazy\" decoding=\"async\" width=\"800\" height=\"800\" src=\"https:\/\/ikkwp-wordpress.malipetek.dev\/wp-content\/uploads\/2024\/04\/skateboarder-svgrepo-com.svg\" alt=\"\" class=\"wp-image-2692\" style=\"width:150px;height:150px\"\/><\/figure>\n\n\n\n<p class=\"has-text-align-center has-huge-font-size\">Formunuz bize ula\u015ft\u0131<\/p>\n\n\n\n<hr class=\"wp-block-separator has-css-opacity is-style-default\"\/>\n\n\n\n<p class=\"has-text-align-center has-x-large-font-size\">K\u0131sa s\u00fcre i\u00e7erisinde size e-mail adresinizden d\u00f6n\u00fc\u015f sa\u011flayaca\u011f\u0131z.<\/p>\n","protected":false},"excerpt":{"rendered":"<p>Formunuz bize ula\u015ft\u0131 K\u0131sa s\u00fcre i\u00e7erisinde size e-mail adresinizden d\u00f6n\u00fc\u015f sa\u011flayaca\u011f\u0131z.<\/p>\n","protected":false},"author":1,"featured_media":0,"parent":0,"menu_order":0,"comment_status":"closed","ping_status":"closed","template":"","meta":{"_themeisle_gutenberg_block_has_review":false,"footnotes":""},"class_list":["post-2690","page","type-page","status-publish","hentry"],"_links":{"self":[{"href":"https:\/\/ikk.org.tr\/tr\/wp-json\/wp\/v2\/pages\/2690","targetHints":{"allow":["GET"]}}],"collection":[{"href":"https:\/\/ikk.org.tr\/tr\/wp-json\/wp\/v2\/pages"}],"about":[{"href":"https:\/\/ikk.org.tr\/tr\/wp-json\/wp\/v2\/types\/page"}],"author":[{"embeddable":true,"href":"https:\/\/ikk.org.tr\/tr\/wp-json\/wp\/v2\/users\/1"}],"replies":[{"embeddable":true,"href":"https:\/\/ikk.org.tr\/tr\/wp-json\/wp\/v2\/comments?post=2690"}],"version-history":[{"count":5,"href":"https:\/\/ikk.org.tr\/tr\/wp-json\/wp\/v2\/pages\/2690\/revisions"}],"predecessor-version":[{"id":2716,"href":"https:\/\/ikk.org.tr\/tr\/wp-json\/wp\/v2\/pages\/2690\/revisions\/2716"}],"wp:attachment":[{"href":"https:\/\/ikk.org.tr\/tr\/wp-json\/wp\/v2\/media?parent=2690"}],"curies":[{"name":"wp","href":"https:\/\/api.w.org\/{rel}","templated":true}]}}